{"id":81,"date":"2023-02-16T18:41:28","date_gmt":"2023-02-16T17:41:28","guid":{"rendered":"https:\/\/bobservices.fr\/?page_id=81"},"modified":"2025-01-03T10:15:17","modified_gmt":"2025-01-03T09:15:17","slug":"le-financement","status":"publish","type":"page","link":"https:\/\/bobservices.fr\/index.php\/le-financement\/","title":{"rendered":"Le financement"},"content":{"rendered":"\n<h3 class=\"wp-block-heading\">B\u00e9n\u00e9ficiez de l&rsquo;avance imm\u00e9diate<\/h3>\n\n\n\n<p>L\u2019Urssaf met en place le service Avance imm\u00e9diate qui vous permet de d\u00e9duire imm\u00e9diatement votre cr\u00e9dit d\u2019imp\u00f4t du montant que BOB SERVICES vous facture pour les prestations r\u00e9alis\u00e9es \u00e0 votre domicile. Il s\u2019agit d\u2019un service optionnel, gratuit et d\u00e9mat\u00e9rialis\u00e9.<\/p>\n\n\n\n<figure class=\"wp-block-gallery has-nested-images columns-default is-cropped wp-block-gallery-1 is-layout-flex wp-block-gallery-is-layout-flex\">\n<figure class=\"wp-block-image size-large\"><a href=\"www.avanceimmediate.urssaf.fr\"><img loading=\"lazy\" decoding=\"async\" width=\"1024\" height=\"683\" data-id=\"85\" src=\"https:\/\/bobservices.fr\/wp-content\/uploads\/2023\/02\/Visuel-RS-horizontal-1024x683.jpg\" alt=\"\" class=\"wp-image-85\" srcset=\"https:\/\/bobservices.fr\/wp-content\/uploads\/2023\/02\/Visuel-RS-horizontal-1024x683.jpg 1024w, https:\/\/bobservices.fr\/wp-content\/uploads\/2023\/02\/Visuel-RS-horizontal-300x200.jpg 300w, https:\/\/bobservices.fr\/wp-content\/uploads\/2023\/02\/Visuel-RS-horizontal-768x512.jpg 768w, https:\/\/bobservices.fr\/wp-content\/uploads\/2023\/02\/Visuel-RS-horizontal-1536x1024.jpg 1536w, https:\/\/bobservices.fr\/wp-content\/uploads\/2023\/02\/Visuel-RS-horizontal-2048x1365.jpg 2048w\" sizes=\"auto, (max-width: 767px) 89vw, (max-width: 1000px) 54vw, (max-width: 1071px) 543px, 580px\" \/><\/a><\/figure>\n<\/figure>\n\n\n\n<h3 class=\"wp-block-heading\">Comment \u00e7a marche ?<\/h3>\n\n\n\n<p>Une fois que nous vous avons inscrit, vous disposez d\u2019un compte sur le site particulier.urssaf.fr.<\/p>\n\n\n\n<p><br>Celui-ci vous permet de consulter les demandes de paiement re\u00e7ues et de suivre votre consommation de cr\u00e9dit d\u2019imp\u00f4t. La demande de paiement vous indique&nbsp;:<br>\u2981 Le montant total d\u00fb pour les prestations r\u00e9alis\u00e9es \u00e0 votre domicile&nbsp;;<br>\u2981 Le montant du cr\u00e9dit d\u2019imp\u00f4t auquel vous avez droit&nbsp;;<br>\u2981 Le montant de votre reste \u00e0 charge apr\u00e8s d\u00e9duction du cr\u00e9dit d\u2019imp\u00f4t (montant total \u2013 cr\u00e9dit d\u2019imp\u00f4t).<\/p>\n\n\n\n<p><br>Concr\u00e8tement, avec ce service, c\u2019est l\u2019Urssaf qui pr\u00e9l\u00e8ve le montant du reste \u00e0 charge sur votre compte bancaire. Ensuite, l\u2019Urssaf nous verse la totalit\u00e9 de la prestation et nous r\u00e9mun\u00e9rons l\u2019intervenant.<\/p>\n\n\n\n<p><br>Nous vous proposons de b\u00e9n\u00e9ficier de ce nouveau service, si vous remplissez les conditions d\u2019\u00e9ligibilit\u00e9 suivantes&nbsp;:<br>\u2981 Un num\u00e9ro fiscal est associ\u00e9 \u00e0 votre \u00e9tat civil ;<br>\u2981 Vous avez d\u00e9j\u00e0 effectu\u00e9 au moins une d\u00e9claration de revenus.<\/p>\n\n\n\n<p><br>Si vous souhaitez en b\u00e9n\u00e9ficier, merci de nous contacter via contact@bobservices.fr<\/p>\n","protected":false},"excerpt":{"rendered":"<p>B\u00e9n\u00e9ficiez de l&rsquo;avance imm\u00e9diate L\u2019Urssaf met en place le service Avance imm\u00e9diate qui vous permet de d\u00e9duire imm\u00e9diatement votre cr\u00e9dit d\u2019imp\u00f4t du montant que BOB SERVICES vous facture pour les prestations r\u00e9alis\u00e9es \u00e0 votre domicile. Il s\u2019agit d\u2019un service optionnel, gratuit et d\u00e9mat\u00e9rialis\u00e9. Comment \u00e7a marche ? Une fois que nous vous avons inscrit, vous &hellip; <\/p>\n<p class=\"link-more\"><a href=\"https:\/\/bobservices.fr\/index.php\/le-financement\/\" class=\"more-link\">Continuer la lecture<span class=\"screen-reader-text\"> de &laquo;&nbsp;Le financement&nbsp;&raquo;<\/span><\/a><\/p>\n","protected":false},"author":1,"featured_media":0,"parent":0,"menu_order":0,"comment_status":"closed","ping_status":"closed","template":"","meta":{"footnotes":""},"class_list":["post-81","page","type-page","status-publish","hentry"],"_links":{"self":[{"href":"https:\/\/bobservices.fr\/index.php\/wp-json\/wp\/v2\/pages\/81","targetHints":{"allow":["GET"]}}],"collection":[{"href":"https:\/\/bobservices.fr\/index.php\/wp-json\/wp\/v2\/pages"}],"about":[{"href":"https:\/\/bobservices.fr\/index.php\/wp-json\/wp\/v2\/types\/page"}],"author":[{"embeddable":true,"href":"https:\/\/bobservices.fr\/index.php\/wp-json\/wp\/v2\/users\/1"}],"replies":[{"embeddable":true,"href":"https:\/\/bobservices.fr\/index.php\/wp-json\/wp\/v2\/comments?post=81"}],"version-history":[{"count":6,"href":"https:\/\/bobservices.fr\/index.php\/wp-json\/wp\/v2\/pages\/81\/revisions"}],"predecessor-version":[{"id":115,"href":"https:\/\/bobservices.fr\/index.php\/wp-json\/wp\/v2\/pages\/81\/revisions\/115"}],"wp:attachment":[{"href":"https:\/\/bobservices.fr\/index.php\/wp-json\/wp\/v2\/media?parent=81"}],"curies":[{"name":"wp","href":"https:\/\/api.w.org\/{rel}","templated":true}]}}