{"id":26,"date":"2023-02-06T16:01:10","date_gmt":"2023-02-06T15:01:10","guid":{"rendered":"http:\/\/bobservices.fr\/?page_id=26"},"modified":"2023-02-06T16:28:50","modified_gmt":"2023-02-06T15:28:50","slug":"service-a-la-personne","status":"publish","type":"page","link":"https:\/\/bobservices.fr\/index.php\/service-a-la-personne\/","title":{"rendered":"Service \u00e0 la personne"},"content":{"rendered":"\n<figure class=\"wp-block-image size-full\"><img loading=\"lazy\" decoding=\"async\" width=\"536\" height=\"346\" src=\"http:\/\/bobservices.fr\/wp-content\/uploads\/2023\/02\/SAP.jpg\" alt=\"\" class=\"wp-image-57\" srcset=\"https:\/\/bobservices.fr\/wp-content\/uploads\/2023\/02\/SAP.jpg 536w, https:\/\/bobservices.fr\/wp-content\/uploads\/2023\/02\/SAP-300x194.jpg 300w\" sizes=\"auto, (max-width: 536px) 100vw, 536px\" \/><\/figure>\n\n\n\n<h2 class=\"wp-block-heading\"><strong>C\u2019est quoi le service \u00e0 la personne (SAP)&nbsp;?<\/strong><\/h2>\n\n\n\n<p>Les services \u00e0 la personne sont les activit\u00e9s qui sont exerc\u00e9es \u00e0 domicile et destin\u00e9es \u00e0 r\u00e9pondre aux besoins des particuliers.<\/p>\n\n\n\n<h2 class=\"wp-block-heading\"><strong>Qui a droit au SAP&nbsp;?<\/strong><\/h2>\n\n\n\n<p>Tout le monde. Les services \u00e0 la personne regroupent l\u2019ensemble des services contribuant au mieux-\u00eatre des citoyens \u00e0 leur domicile.<\/p>\n\n\n\n<h2 class=\"wp-block-heading\"><strong>Que dit la loi&nbsp;?<\/strong><\/h2>\n\n\n\n<p>Les prestations propos\u00e9es doivent s\u2019exercer exclusivement au profit et au domicile des particuliers (article L7231-1 \u00e0 L7232-4 du code du travail), et pour certaines activit\u00e9s de livraison ou d\u2019aide aux d\u00e9placements, \u00e0 partir ou \u00e0 destination du domicile ou dans son environnement imm\u00e9diat.<\/p>\n\n\n\n<h2 class=\"wp-block-heading\"><strong>Qui peut proposer du SAP&nbsp;?<\/strong><\/h2>\n\n\n\n<p>Des entreprises qui ont obtenues du d\u00e9partement les autorisations et\/ou agr\u00e9ments permettant de faire b\u00e9n\u00e9ficier leurs clients de droits aux avantages fiscaux et sociaux \u00e0 hauteur de 50% du montant total des prestations.<\/p>\n\n\n\n<h2 class=\"wp-block-heading\"><strong>Combien \u00e7a co\u00fbte&nbsp;?<\/strong><\/h2>\n\n\n\n<p>Les prix sont variables d\u2019une activit\u00e9 \u00e0 l\u2019autre, les aides fiscales \u00e9galement. Les plafonds sont de 500 \u20ac pour du petit bricolage par an et par foyer et de 5000 \u20ac pour du jardinage dans une limite maximale de 12000 \u20ac par an et par foyer.<\/p>\n","protected":false},"excerpt":{"rendered":"<p>C\u2019est quoi le service \u00e0 la personne (SAP)&nbsp;? Les services \u00e0 la personne sont les activit\u00e9s qui sont exerc\u00e9es \u00e0 domicile et destin\u00e9es \u00e0 r\u00e9pondre aux besoins des particuliers. Qui a droit au SAP&nbsp;? Tout le monde. Les services \u00e0 la personne regroupent l\u2019ensemble des services contribuant au mieux-\u00eatre des citoyens \u00e0 leur domicile. Que &hellip; <\/p>\n<p class=\"link-more\"><a href=\"https:\/\/bobservices.fr\/index.php\/service-a-la-personne\/\" class=\"more-link\">Continuer la lecture<span class=\"screen-reader-text\"> de &laquo;&nbsp;Service \u00e0 la personne&nbsp;&raquo;<\/span><\/a><\/p>\n","protected":false},"author":1,"featured_media":0,"parent":0,"menu_order":0,"comment_status":"closed","ping_status":"closed","template":"","meta":{"footnotes":""},"class_list":["post-26","page","type-page","status-publish","hentry"],"_links":{"self":[{"href":"https:\/\/bobservices.fr\/index.php\/wp-json\/wp\/v2\/pages\/26","targetHints":{"allow":["GET"]}}],"collection":[{"href":"https:\/\/bobservices.fr\/index.php\/wp-json\/wp\/v2\/pages"}],"about":[{"href":"https:\/\/bobservices.fr\/index.php\/wp-json\/wp\/v2\/types\/page"}],"author":[{"embeddable":true,"href":"https:\/\/bobservices.fr\/index.php\/wp-json\/wp\/v2\/users\/1"}],"replies":[{"embeddable":true,"href":"https:\/\/bobservices.fr\/index.php\/wp-json\/wp\/v2\/comments?post=26"}],"version-history":[{"count":2,"href":"https:\/\/bobservices.fr\/index.php\/wp-json\/wp\/v2\/pages\/26\/revisions"}],"predecessor-version":[{"id":58,"href":"https:\/\/bobservices.fr\/index.php\/wp-json\/wp\/v2\/pages\/26\/revisions\/58"}],"wp:attachment":[{"href":"https:\/\/bobservices.fr\/index.php\/wp-json\/wp\/v2\/media?parent=26"}],"curies":[{"name":"wp","href":"https:\/\/api.w.org\/{rel}","templated":true}]}}